{"id":519,"date":"2022-01-11T00:15:24","date_gmt":"2022-01-11T00:15:24","guid":{"rendered":"https:\/\/hlworldwidelog.com\/?page_id=519"},"modified":"2022-01-11T00:24:01","modified_gmt":"2022-01-11T00:24:01","slug":"terminos-y-condiciones-del-servicio","status":"publish","type":"page","link":"https:\/\/hlworldwidelog.com\/es\/terminos-y-condiciones-del-servicio\/","title":{"rendered":"T\u00e9rminos y condiciones del servicio"},"content":{"rendered":"\n\n\t<section class=\"section dark\" id=\"section_2042085899\">\n\t\t<div class=\"section-bg fill\" >\n\t\t\t\t\t\t\t\t\t\n\t\t\t\n\n\t\t<\/div>\n\n\t\t\n\n\t\t<div class=\"section-content relative\">\n\t\t\t\n\n<div class=\"row\"  id=\"row-131949720\">\n\n\n\t<div id=\"col-685888897\" class=\"col small-12 large-12\"  >\n\t\t\t\t<div class=\"col-inner\"  >\n\t\t\t\n\t\t\t\n\n\t<div id=\"gap-989335543\" class=\"gap-element clearfix\" style=\"display:block; height:auto;\">\n\t\t\n<style>\n#gap-989335543 {\n  padding-top: 30px;\n}\n<\/style>\n\t<\/div>\n\t\n\n<h2>T\u00e9rminos y condiciones del servicio<\/h2>\n\n\t\t<\/div>\n\t\t\t\t\t<\/div>\n\n\t\n\n<\/div>\n\n\t\t<\/div>\n\n\t\t\n<style>\n#section_2042085899 {\n  padding-top: 0px;\n  padding-bottom: 0px;\n  background-color: #89bb22;\n}\n<\/style>\n\t<\/section>\n\t\n\n\t<section class=\"section\" id=\"section_1055194034\">\n\t\t<div class=\"section-bg fill\" >\n\t\t\t\t\t\t\t\t\t\n\t\t\t\n\n\t\t<\/div>\n\n\t\t\n\n\t\t<div class=\"section-content relative\">\n\t\t\t\n\n<div class=\"row\"  id=\"row-328681245\">\n\n\n\t<div id=\"col-694019442\" class=\"col small-12 large-12\"  data-animate=\"fadeInUp\">\n\t\t\t\t<div class=\"col-inner text-center\"  >\n\t\t\t\n\t\t\t\n\n<ol>\n<li style=\"text-align: left;\">HL WORLDWIDE LOGISTICS, S. DE R. L., siempre recomienda el uso de Seguro de transporte de carga a los clientes, dejando suficientemente claro que TODOS LOS EMBARQQUES VIAJAN POR CUENTA Y RIESGO DEL CLIENTE. Por lo tanto, no nos hacemos responsables por p\u00e9rdidas totales o parciales, da\u00f1os totales o parciales de mercanc\u00edas que no hayan sido aseguradas por medio del Servicio de Seguro de Transporte ofrecido por nuestra Empresa.<\/li>\n<li style=\"text-align: left;\">En casos de reclamaciones al seguro, en embarque asegurados por medio de nuestro Servicio, HL WORLDWIDE LOGISTICS, S. DE R. L., \u00fanicamente tiene el deber de brindar el soporte documental necesario para el ajustador o Surveyor asignado por la Aseguradora, sin ning\u00fan tipo de responsabilidad de nuestra parte en el proceso de pago. HL WORLDWIDE LOGISTICS, S. DE R. L., se reserva el derecho de solicitar el pago total de los fletes y servicios facturados por el embarque sujeto de reclamaci\u00f3n, como condici\u00f3n para brindar el Soporte necesario en la gesti\u00f3n de reclamaci\u00f3n de pago del seguro, aun en aquellos casos que el cliente goce de alg\u00fan termino crediticio con nuestra Empresa, y que la factura aun no haya vencido en su fecha de pago. HL WORLDWIDE LOGISTICS, S. DE R. L., aclara a los clientes que los embarques objeto de reclamaci\u00f3n al Seguro deben de tener comunicaci\u00f3n escrita de la DENUNCIA DE SINIESTRO, via email en tiempo y forma de parte del cliente o Beneficiario, seg\u00fan lo estipulado en las reglas y regulaciones del certificado de Seguro que consta en poder del cliente o beneficiario del Seguro de transporte.<\/li>\n<li style=\"text-align: left;\">HL WORLDWIDE LOGISTICS, S. DE R. L., aclara que los servicios de transporte internacional de carga se brindan sujeto a disponibilidad de espacio, aceptaci\u00f3n de parte de los transportistas o Carriers, variaciones en los itinerarios de salidas, transbordos y llegadas que pueden afectar los tiempos en tr\u00e1nsito estimados mencionados en nuestras cotizaciones de servicios.<\/li>\n<li style=\"text-align: left;\">En casos en los cuales seamos nominados para el manejo de las Gestiones Aduaneras de sus embarques, HL WORLDWIDE LOGISTICS, S. DE R. L., deja suficientemente claro que la declaraci\u00f3n de las mercanc\u00edas es responsabilidad \u00fanica y exclusiva del Cliente, por lo que no toma ninguna responsabilidad por rectificaciones de aforo, correcciones tard\u00edas de manifiestos, reparos de aduana, multas y otras penalizaciones que su embarque pueda llegar a generar ante las Autoridades Aduaneras y Fiscales, o cualquier otra dependencia gubernamental o privada, as\u00ed como tambi\u00e9n, recargos portuarios, aeroportuarios, de almacenistas o detenciones y demoras de l\u00edneas navieras y otras empresas envueltas en la cadena log\u00edstica de la funci\u00f3n Publica Aduanera, seg\u00fan lo estipula en la Ley del CAUCA Y RECAUCA vigente, o en cualquier otra ley fiscalizadora de cualquier otro pa\u00eds del mundo.<\/li>\n<li style=\"text-align: left;\">La posesi\u00f3n de este documento ORIGINAL no indica que haya sido pagada la cuenta, consecuentemente, exija el RECIBO DE PAGO correspondiente.<\/li>\n<li style=\"text-align: left;\">Toda FACTURA devenga intereses mensuales despu\u00e9s de 30 d\u00edas de su fecha de vencimiento, seg\u00fan encaje bancario Nacional de Honduras mas alto vigente. El recargo de interests no indica prorroga de plazo. En caso de que HL WORLDWIDE LOGISTICS, S. DE R. L., tenga que requerir pagos por cuentas vencidas al cliente, por la via legal, los honorarios y costas legales de dicha acci\u00f3n, corren por cuenta y riesgo del Cliente en su totalidad.<\/li>\n<\/ol>\n\n\t\t<\/div>\n\t\t\t\t\t<\/div>\n\n\t\n\n<\/div>\n\n\t\t<\/div>\n\n\t\t\n<style>\n#section_1055194034 {\n  padding-top: 60px;\n  padding-bottom: 60px;\n}\n<\/style>\n\t<\/section>\n\t\n\n","protected":false},"excerpt":{"rendered":"","protected":false},"author":1,"featured_media":0,"parent":0,"menu_order":0,"comment_status":"closed","ping_status":"closed","template":"page-blank.php","meta":{"footnotes":""},"class_list":["post-519","page","type-page","status-publish","hentry"],"_links":{"self":[{"href":"https:\/\/hlworldwidelog.com\/es\/wp-json\/wp\/v2\/pages\/519","targetHints":{"allow":["GET"]}}],"collection":[{"href":"https:\/\/hlworldwidelog.com\/es\/wp-json\/wp\/v2\/pages"}],"about":[{"href":"https:\/\/hlworldwidelog.com\/es\/wp-json\/wp\/v2\/types\/page"}],"author":[{"embeddable":true,"href":"https:\/\/hlworldwidelog.com\/es\/wp-json\/wp\/v2\/users\/1"}],"replies":[{"embeddable":true,"href":"https:\/\/hlworldwidelog.com\/es\/wp-json\/wp\/v2\/comments?post=519"}],"version-history":[{"count":5,"href":"https:\/\/hlworldwidelog.com\/es\/wp-json\/wp\/v2\/pages\/519\/revisions"}],"predecessor-version":[{"id":526,"href":"https:\/\/hlworldwidelog.com\/es\/wp-json\/wp\/v2\/pages\/519\/revisions\/526"}],"wp:attachment":[{"href":"https:\/\/hlworldwidelog.com\/es\/wp-json\/wp\/v2\/media?parent=519"}],"curies":[{"name":"wp","href":"https:\/\/api.w.org\/{rel}","templated":true}]}}