{"id":471,"date":"2020-12-04T18:05:34","date_gmt":"2020-12-04T18:05:34","guid":{"rendered":"https:\/\/hlworldwidelog.com\/?page_id=471"},"modified":"2023-10-23T23:32:27","modified_gmt":"2023-10-23T23:32:27","slug":"seguro-de-carga","status":"publish","type":"page","link":"https:\/\/hlworldwidelog.com\/es\/seguro-de-carga\/","title":{"rendered":"SEGURO DE CARGA"},"content":{"rendered":"\n\n\t<section class=\"section dark\" id=\"section_623303741\">\n\t\t<div class=\"section-bg fill\" >\n\t\t\t\t\t\t\t\t\t\n\t\t\t\n\n\t\t<\/div>\n\n\t\t\n\n\t\t<div class=\"section-content relative\">\n\t\t\t\n\n<div class=\"row\"  id=\"row-1201040930\">\n\n\n\t<div id=\"col-727246804\" class=\"col small-12 large-12\"  >\n\t\t\t\t<div class=\"col-inner\"  >\n\t\t\t\n\t\t\t\n\n\t<div id=\"gap-1801681917\" class=\"gap-element clearfix\" style=\"display:block; height:auto;\">\n\t\t\n<style>\n#gap-1801681917 {\n  padding-top: 30px;\n}\n<\/style>\n\t<\/div>\n\t\n\n<h2>SEGURO DE CARGA<\/h2>\n\n\t\t<\/div>\n\t\t\t\t\t<\/div>\n\n\t\n\n<\/div>\n\n\t\t<\/div>\n\n\t\t\n<style>\n#section_623303741 {\n  padding-top: 0px;\n  padding-bottom: 0px;\n  background-color: #89bb22;\n}\n<\/style>\n\t<\/section>\n\t\n\n\t<section class=\"section dark\" id=\"section_40428283\">\n\t\t<div class=\"section-bg fill\" >\n\t\t\t\t\t\t\t\t\t<div class=\"section-bg-overlay absolute fill\"><\/div>\n\t\t\t\n\n\t\t<\/div>\n\n\t\t\n\n\t\t<div class=\"section-content relative\">\n\t\t\t\n\n<div class=\"row row-collapse row-full-width align-middle\"  id=\"row-374130129\">\n\n\n\t<div id=\"col-687836052\" class=\"col medium-6 small-12 large-6\"  >\n\t\t\t\t<div class=\"col-inner\"  >\n\t\t\t\n\t\t\t\n\n\t<div class=\"img has-hover x md-x lg-x y md-y lg-y\" id=\"image_390575431\">\n\t\t\t\t\t\t<div data-animate=\"fadeInLeft\">\t\t<div class=\"img-inner dark\" >\n\t\t\t<img loading=\"lazy\" decoding=\"async\" width=\"1107\" height=\"1050\" src=\"https:\/\/hlworldwidelog.com\/wp-content\/uploads\/2020\/12\/seguro.jpg\" class=\"attachment-original size-original\" alt=\"\" srcset=\"https:\/\/hlworldwidelog.com\/wp-content\/uploads\/2020\/12\/seguro.jpg 1107w, https:\/\/hlworldwidelog.com\/wp-content\/uploads\/2020\/12\/seguro-300x285.jpg 300w, https:\/\/hlworldwidelog.com\/wp-content\/uploads\/2020\/12\/seguro-1024x971.jpg 1024w, https:\/\/hlworldwidelog.com\/wp-content\/uploads\/2020\/12\/seguro-768x728.jpg 768w\" sizes=\"auto, (max-width: 1107px) 100vw, 1107px\" \/>\t\t\t\t\t\t\n\t\t\t\t\t<\/div>\n\t\t<\/div>\t\t\t\t\t\t\n<style>\n#image_390575431 {\n  width: 100%;\n}\n<\/style>\n\t<\/div>\n\t\n\n\n\t\t<\/div>\n\t\t\t\t\t<\/div>\n\n\t\n\n\t<div id=\"col-525518977\" class=\"col medium-6 small-12 large-6\"  data-animate=\"fadeInRight\">\n\t\t\t\t<div class=\"col-inner text-left\"  >\n\t\t\t\n\t\t\t\n\n<p>Ante los riesgos asumidos por las Empresas importadoras y exportadoras, y con el fin de dar respuesta a los nuevos requerimientos de coberturas solicitados por nuestros clientes, Brindamos seguridad para su Negocio y sus valiosos embarques, por medio del Seguro de Carga FULL COVER, STRANDING COVER. Sin deducibles* a trav\u00e9s de nuestras alianzas estrat\u00e9gicas con aseguradoras l\u00edder en el mercado de seguros para la industria del transporte de mercanc\u00edas a nivel mundial.<\/p>\n<p>Para solicitar  SEGURO DE CARGA, no dude en contactarnos al correo electr\u00f3nico gloria.aleman@hlworldwidelog.com  <\/p>\n<p>* Revisar las condiciones de cada tipo de mercanc\u00eda.<\/p>\n\n\n\t\t<\/div>\n\t\t\t\t\n<style>\n#col-525518977 > .col-inner {\n  padding: 5% 5% 5% 5%;\n  max-width: 520px;\n}\n<\/style>\n\t<\/div>\n\n\t\n\n<\/div>\n\n\t\t<\/div>\n\n\t\t\n<style>\n#section_40428283 {\n  padding-top: 0px;\n  padding-bottom: 0px;\n  background-color: #1e73be;\n}\n#section_40428283 .section-bg-overlay {\n  background-color: rgba(0, 0, 0, 0.73);\n}\n<\/style>\n\t<\/section>\n\t\n\n","protected":false},"excerpt":{"rendered":"","protected":false},"author":1,"featured_media":0,"parent":0,"menu_order":0,"comment_status":"closed","ping_status":"closed","template":"page-blank.php","meta":{"footnotes":""},"class_list":["post-471","page","type-page","status-publish","hentry"],"_links":{"self":[{"href":"https:\/\/hlworldwidelog.com\/es\/wp-json\/wp\/v2\/pages\/471","targetHints":{"allow":["GET"]}}],"collection":[{"href":"https:\/\/hlworldwidelog.com\/es\/wp-json\/wp\/v2\/pages"}],"about":[{"href":"https:\/\/hlworldwidelog.com\/es\/wp-json\/wp\/v2\/types\/page"}],"author":[{"embeddable":true,"href":"https:\/\/hlworldwidelog.com\/es\/wp-json\/wp\/v2\/users\/1"}],"replies":[{"embeddable":true,"href":"https:\/\/hlworldwidelog.com\/es\/wp-json\/wp\/v2\/comments?post=471"}],"version-history":[{"count":5,"href":"https:\/\/hlworldwidelog.com\/es\/wp-json\/wp\/v2\/pages\/471\/revisions"}],"predecessor-version":[{"id":664,"href":"https:\/\/hlworldwidelog.com\/es\/wp-json\/wp\/v2\/pages\/471\/revisions\/664"}],"wp:attachment":[{"href":"https:\/\/hlworldwidelog.com\/es\/wp-json\/wp\/v2\/media?parent=471"}],"curies":[{"name":"wp","href":"https:\/\/api.w.org\/{rel}","templated":true}]}}