{"id":454,"date":"2020-12-04T17:47:28","date_gmt":"2020-12-04T17:47:28","guid":{"rendered":"https:\/\/hlworldwidelog.com\/?page_id=454"},"modified":"2023-10-23T23:32:04","modified_gmt":"2023-10-23T23:32:04","slug":"gestiones-aduaneras","status":"publish","type":"page","link":"https:\/\/hlworldwidelog.com\/es\/gestiones-aduaneras\/","title":{"rendered":"GESTIONES ADUANERAS"},"content":{"rendered":"\n\n\t<section class=\"section dark\" id=\"section_1014070613\">\n\t\t<div class=\"section-bg fill\" >\n\t\t\t\t\t\t\t\t\t\n\t\t\t\n\n\t\t<\/div>\n\n\t\t\n\n\t\t<div class=\"section-content relative\">\n\t\t\t\n\n<div class=\"row\"  id=\"row-7329680\">\n\n\n\t<div id=\"col-2047465710\" class=\"col small-12 large-12\"  >\n\t\t\t\t<div class=\"col-inner\"  >\n\t\t\t\n\t\t\t\n\n\t<div id=\"gap-1390849639\" class=\"gap-element clearfix\" style=\"display:block; height:auto;\">\n\t\t\n<style>\n#gap-1390849639 {\n  padding-top: 30px;\n}\n<\/style>\n\t<\/div>\n\t\n\n<h2>GESTIONES ADUANERAS<\/h2>\n\n\t\t<\/div>\n\t\t\t\t\t<\/div>\n\n\t\n\n<\/div>\n\n\t\t<\/div>\n\n\t\t\n<style>\n#section_1014070613 {\n  padding-top: 0px;\n  padding-bottom: 0px;\n  background-color: #89bb22;\n}\n<\/style>\n\t<\/section>\n\t\n\n\t<section class=\"section dark\" id=\"section_811397785\">\n\t\t<div class=\"section-bg fill\" >\n\t\t\t\t\t\t\t\t\t<div class=\"section-bg-overlay absolute fill\"><\/div>\n\t\t\t\n\n\t\t<\/div>\n\n\t\t\n\n\t\t<div class=\"section-content relative\">\n\t\t\t\n\n<div class=\"row row-collapse row-full-width align-middle\"  id=\"row-1281188525\">\n\n\n\t<div id=\"col-1515395552\" class=\"col medium-6 small-12 large-6\"  >\n\t\t\t\t<div class=\"col-inner\"  >\n\t\t\t\n\t\t\t\n\n\t<div class=\"img has-hover x md-x lg-x y md-y lg-y\" id=\"image_1908692612\">\n\t\t\t\t\t\t<div data-animate=\"fadeInLeft\">\t\t<div class=\"img-inner dark\" >\n\t\t\t<img loading=\"lazy\" decoding=\"async\" width=\"1107\" height=\"1050\" src=\"https:\/\/hlworldwidelog.com\/wp-content\/uploads\/2020\/12\/customshl.jpg\" class=\"attachment-original size-original\" alt=\"\" srcset=\"https:\/\/hlworldwidelog.com\/wp-content\/uploads\/2020\/12\/customshl.jpg 1107w, https:\/\/hlworldwidelog.com\/wp-content\/uploads\/2020\/12\/customshl-300x285.jpg 300w, https:\/\/hlworldwidelog.com\/wp-content\/uploads\/2020\/12\/customshl-1024x971.jpg 1024w, https:\/\/hlworldwidelog.com\/wp-content\/uploads\/2020\/12\/customshl-768x728.jpg 768w\" sizes=\"auto, (max-width: 1107px) 100vw, 1107px\" \/>\t\t\t\t\t\t\n\t\t\t\t\t<\/div>\n\t\t<\/div>\t\t\t\t\t\t\n<style>\n#image_1908692612 {\n  width: 100%;\n}\n<\/style>\n\t<\/div>\n\t\n\n\n\t\t<\/div>\n\t\t\t\t\t<\/div>\n\n\t\n\n\t<div id=\"col-1989566773\" class=\"col medium-6 small-12 large-6\"  data-animate=\"fadeInRight\">\n\t\t\t\t<div class=\"col-inner text-left\"  >\n\t\t\t\n\t\t\t\n\n<p>Nuestros Servicios de Gesti\u00f3n Aduanas est\u00e1n coordinados de manera eficiente para brindarles a nuestros clientes los tiempos de despacho y entrega m\u00e1s cortos posibles, a trav\u00e9s de nuestro socio estrat\u00e9gico local, Agente de Aduanas autorizado que trabaja en estrecha colaboraci\u00f3n con nuestro Departamento de Operaciones para el despacho diario Despacho de Aduanas como ser:<\/p>\n<ul>\n<li>Gesti\u00f3n de Cuarentena<\/li>\n<li>Transporte &#8211; Local y Transfronterizo de embarques de todo tipo de incoterm: DAP, DDU, DDP y Env\u00edos Ex Works (EXW)<\/li>\n<li>Flete terrestre, flete a\u00e9reo, flete mar\u00edtimo, carga pesada<\/li>\n<li>carga general \u2013 Sobre dimensionada,<\/li>\n<li>env\u00edos a granel, UNIDADES, MAQUINARIA, VEH\u00cdCULOS,<\/li>\n<li>mercanc\u00edas peligrosas y perecederos, importaci\u00f3n y exportaci\u00f3n a trav\u00e9s de cualquier aeropuerto, puertos o fronteras aduaneras de nuestro Pa\u00eds.<\/li>\n<\/ul>\n<p>Nuestras capacidades para manejar todo tipo de Importaciones y Exportaciones est\u00e1ndar, Env\u00edos Temporales, Env\u00edos exentos de aranceles e impuestos, tratados y Dispensas, Env\u00edos en tr\u00e1nsito Aduaneros v\u00eda cualquier puerto o aeropuerto de Honduras y lugar final de entrega a cualquier Destino de Centroam\u00e9rica, para todo tipo de mercanc\u00edas (Comercial Env\u00edos, Textiles, Zona Libre, Carga Refrigerada, Materiales Peligrosos, (* Env\u00edos en Franquicia Aduanera (Dispensa), Carga Diplom\u00e1tica, Caritativa, que est\u00e1n exentos de aranceles e impuestos), cualquier tama\u00f1o de Equipo, peso, tipo de mercanc\u00eda y requisitos.<\/p>\n\n\t\t<\/div>\n\t\t\t\t\n<style>\n#col-1989566773 > .col-inner {\n  padding: 5% 5% 5% 5%;\n  max-width: 520px;\n}\n<\/style>\n\t<\/div>\n\n\t\n\n<\/div>\n\n\t\t<\/div>\n\n\t\t\n<style>\n#section_811397785 {\n  padding-top: 0px;\n  padding-bottom: 0px;\n  background-color: #1e73be;\n}\n#section_811397785 .section-bg-overlay {\n  background-color: rgba(0, 0, 0, 0.73);\n}\n<\/style>\n\t<\/section>\n\t\n\n","protected":false},"excerpt":{"rendered":"","protected":false},"author":1,"featured_media":0,"parent":0,"menu_order":0,"comment_status":"closed","ping_status":"closed","template":"page-blank.php","meta":{"footnotes":""},"class_list":["post-454","page","type-page","status-publish","hentry"],"_links":{"self":[{"href":"https:\/\/hlworldwidelog.com\/es\/wp-json\/wp\/v2\/pages\/454","targetHints":{"allow":["GET"]}}],"collection":[{"href":"https:\/\/hlworldwidelog.com\/es\/wp-json\/wp\/v2\/pages"}],"about":[{"href":"https:\/\/hlworldwidelog.com\/es\/wp-json\/wp\/v2\/types\/page"}],"author":[{"embeddable":true,"href":"https:\/\/hlworldwidelog.com\/es\/wp-json\/wp\/v2\/users\/1"}],"replies":[{"embeddable":true,"href":"https:\/\/hlworldwidelog.com\/es\/wp-json\/wp\/v2\/comments?post=454"}],"version-history":[{"count":5,"href":"https:\/\/hlworldwidelog.com\/es\/wp-json\/wp\/v2\/pages\/454\/revisions"}],"predecessor-version":[{"id":663,"href":"https:\/\/hlworldwidelog.com\/es\/wp-json\/wp\/v2\/pages\/454\/revisions\/663"}],"wp:attachment":[{"href":"https:\/\/hlworldwidelog.com\/es\/wp-json\/wp\/v2\/media?parent=454"}],"curies":[{"name":"wp","href":"https:\/\/api.w.org\/{rel}","templated":true}]}}