{"id":215,"date":"2020-10-23T19:19:36","date_gmt":"2020-10-23T19:19:36","guid":{"rendered":"https:\/\/hlworldwidelog.com\/?page_id=215"},"modified":"2023-10-23T23:33:51","modified_gmt":"2023-10-23T23:33:51","slug":"tecnologia","status":"publish","type":"page","link":"https:\/\/hlworldwidelog.com\/es\/tecnologia\/","title":{"rendered":"TECNOLOG\u00cdA"},"content":{"rendered":"\n\n\t<section class=\"section dark\" id=\"section_1795270658\">\n\t\t<div class=\"section-bg fill\" >\n\t\t\t\t\t\t\t\t\t\n\t\t\t\n\n\t\t<\/div>\n\n\t\t\n\n\t\t<div class=\"section-content relative\">\n\t\t\t\n\n<div class=\"row\"  id=\"row-1390261979\">\n\n\n\t<div id=\"col-1903816053\" class=\"col small-12 large-12\"  data-animate=\"fadeInUp\">\n\t\t\t\t<div class=\"col-inner\"  >\n\t\t\t\n\t\t\t\n\n\t<div id=\"gap-352123311\" class=\"gap-element clearfix\" style=\"display:block; height:auto;\">\n\t\t\n<style>\n#gap-352123311 {\n  padding-top: 30px;\n}\n<\/style>\n\t<\/div>\n\t\n\n<h2>TECNOLOG\u00cdA<\/h2>\n\n\t\t<\/div>\n\t\t\t\t\t<\/div>\n\n\t\n\n<\/div>\n\n\t\t<\/div>\n\n\t\t\n<style>\n#section_1795270658 {\n  padding-top: 0px;\n  padding-bottom: 0px;\n  background-color: #89bb22;\n}\n<\/style>\n\t<\/section>\n\t\n\n\t<section class=\"section\" id=\"section_883707405\">\n\t\t<div class=\"section-bg fill\" >\n\t\t\t\t\t\t\t\t\t\n\t\t\t\n\n\t\t<\/div>\n\n\t\t\n\n\t\t<div class=\"section-content relative\">\n\t\t\t\n\n<div class=\"row\"  id=\"row-1407694886\">\n\n\n\t<div id=\"col-804368317\" class=\"col small-12 large-12\"  data-animate=\"fadeInUp\">\n\t\t\t\t<div class=\"col-inner\"  >\n\t\t\t\n\t\t\t\n\n<h4>Disponemos de un sistema equipado con todas las herramientas para manipular todo tipo de mercanc\u00edas.<\/p>\n<h4>\n\n\n\t\t<\/div>\n\t\t\t\t\t<\/div>\n\n\t\n\n<\/div>\n\n\t\t<\/div>\n\n\t\t\n<style>\n#section_883707405 {\n  padding-top: 30px;\n  padding-bottom: 30px;\n}\n<\/style>\n\t<\/section>\n\t\n\n\t<section class=\"section dark\" id=\"section_1130083915\">\n\t\t<div class=\"section-bg fill\" >\n\t\t\t\t\t\t\t\t\t<div class=\"section-bg-overlay absolute fill\"><\/div>\n\t\t\t\n\n\t\t<\/div>\n\n\t\t\n\n\t\t<div class=\"section-content relative\">\n\t\t\t\n\n<div class=\"row row-collapse row-full-width align-middle\"  id=\"row-1616706151\">\n\n\n\t<div id=\"col-54107301\" class=\"col medium-6 small-12 large-6\"  >\n\t\t\t\t<div class=\"col-inner\"  >\n\t\t\t\n\t\t\t\n\n\t<div class=\"img has-hover x md-x lg-x y md-y lg-y\" id=\"image_649106734\">\n\t\t\t\t\t\t<div data-animate=\"fadeInLeft\">\t\t<div class=\"img-inner dark\" >\n\t\t\t<img loading=\"lazy\" decoding=\"async\" width=\"1107\" height=\"754\" src=\"https:\/\/hlworldwidelog.com\/wp-content\/uploads\/2020\/10\/technology.jpg\" class=\"attachment-original size-original\" alt=\"\" srcset=\"https:\/\/hlworldwidelog.com\/wp-content\/uploads\/2020\/10\/technology.jpg 1107w, https:\/\/hlworldwidelog.com\/wp-content\/uploads\/2020\/10\/technology-300x204.jpg 300w, https:\/\/hlworldwidelog.com\/wp-content\/uploads\/2020\/10\/technology-1024x697.jpg 1024w, https:\/\/hlworldwidelog.com\/wp-content\/uploads\/2020\/10\/technology-768x523.jpg 768w\" sizes=\"auto, (max-width: 1107px) 100vw, 1107px\" \/>\t\t\t\t\t\t\n\t\t\t\t\t<\/div>\n\t\t<\/div>\t\t\t\t\t\t\n<style>\n#image_649106734 {\n  width: 100%;\n}\n<\/style>\n\t<\/div>\n\t\n\n\n\t\t<\/div>\n\t\t\t\t\t<\/div>\n\n\t\n\n\t<div id=\"col-1798862487\" class=\"col medium-6 small-12 large-6\"  data-animate=\"fadeInRight\">\n\t\t\t\t<div class=\"col-inner text-left\"  >\n\t\t\t\n\t\t\t\n\n<p>Con nuestro sistema automatizado; contamos con un seguimiento inmediato de la informaci\u00f3n de su carga, mediante los procesos log\u00edsticos completos, desde la recolecci\u00f3n de su embarque hasta la entrega en Puerto o Aeropuerto de llegada y la entrega a domicilio, las cuales, est\u00e1n respaldados y controlados con nuestro sistemas de tecnolog\u00eda de punta para proporcionar a nuestros valiosos clientes informaci\u00f3n precisa y transparente sobre el manejo de sus mercanc\u00edas en todo momento y en cualquier lugar.<\/p>\n<p>A nuestros clientes se les asigna un Usuario y una Contrase\u00f1a, para que puedan acceder en l\u00ednea para visualizar la informaci\u00f3n de sus cargas que puedan requerir. Despachadores calificados, disponibilidad de espacio que le asegurar\u00e1 la recepci\u00f3n y entrega r\u00e1pida y eficiente de sus mercanc\u00edas, tomando en consideraci\u00f3n que su Negocio debe mantenerse en constante movimiento.<\/p>\n\n\t\t<\/div>\n\t\t\t\t\n<style>\n#col-1798862487 > .col-inner {\n  padding: 5% 5% 5% 5%;\n  max-width: 520px;\n}\n<\/style>\n\t<\/div>\n\n\t\n\n<\/div>\n\n\t\t<\/div>\n\n\t\t\n<style>\n#section_1130083915 {\n  padding-top: 0px;\n  padding-bottom: 0px;\n  background-color: #1e73be;\n}\n#section_1130083915 .section-bg-overlay {\n  background-color: rgba(0, 0, 0, 0.73);\n}\n<\/style>\n\t<\/section>\n\t\n\n","protected":false},"excerpt":{"rendered":"","protected":false},"author":1,"featured_media":0,"parent":0,"menu_order":0,"comment_status":"closed","ping_status":"closed","template":"page-blank.php","meta":{"footnotes":""},"class_list":["post-215","page","type-page","status-publish","hentry"],"_links":{"self":[{"href":"https:\/\/hlworldwidelog.com\/es\/wp-json\/wp\/v2\/pages\/215","targetHints":{"allow":["GET"]}}],"collection":[{"href":"https:\/\/hlworldwidelog.com\/es\/wp-json\/wp\/v2\/pages"}],"about":[{"href":"https:\/\/hlworldwidelog.com\/es\/wp-json\/wp\/v2\/types\/page"}],"author":[{"embeddable":true,"href":"https:\/\/hlworldwidelog.com\/es\/wp-json\/wp\/v2\/users\/1"}],"replies":[{"embeddable":true,"href":"https:\/\/hlworldwidelog.com\/es\/wp-json\/wp\/v2\/comments?post=215"}],"version-history":[{"count":13,"href":"https:\/\/hlworldwidelog.com\/es\/wp-json\/wp\/v2\/pages\/215\/revisions"}],"predecessor-version":[{"id":665,"href":"https:\/\/hlworldwidelog.com\/es\/wp-json\/wp\/v2\/pages\/215\/revisions\/665"}],"wp:attachment":[{"href":"https:\/\/hlworldwidelog.com\/es\/wp-json\/wp\/v2\/media?parent=215"}],"curies":[{"name":"wp","href":"https:\/\/api.w.org\/{rel}","templated":true}]}}