{"id":207,"date":"2020-10-23T19:15:42","date_gmt":"2020-10-23T19:15:42","guid":{"rendered":"https:\/\/hlworldwidelog.com\/?page_id=207"},"modified":"2023-10-23T23:30:19","modified_gmt":"2023-10-23T23:30:19","slug":"almacenaje-y-distribucion","status":"publish","type":"page","link":"https:\/\/hlworldwidelog.com\/es\/almacenaje-y-distribucion\/","title":{"rendered":"ALMACENAJE Y DISTRIBUCI\u00d3N"},"content":{"rendered":"\n\n\t<section class=\"section dark\" id=\"section_1909174708\">\n\t\t<div class=\"section-bg fill\" >\n\t\t\t\t\t\t\t\t\t\n\t\t\t\n\n\t\t<\/div>\n\n\t\t\n\n\t\t<div class=\"section-content relative\">\n\t\t\t\n\n<div class=\"row\"  id=\"row-1663162965\">\n\n\n\t<div id=\"col-1066268103\" class=\"col small-12 large-12\"  >\n\t\t\t\t<div class=\"col-inner\"  >\n\t\t\t\n\t\t\t\n\n\t<div id=\"gap-1814304229\" class=\"gap-element clearfix\" style=\"display:block; height:auto;\">\n\t\t\n<style>\n#gap-1814304229 {\n  padding-top: 30px;\n}\n<\/style>\n\t<\/div>\n\t\n\n<h2>ALMACENAJE Y DISTRIBUCI\u00d3N<\/h2>\n\n\t\t<\/div>\n\t\t\t\t\t<\/div>\n\n\t\n\n<\/div>\n\n\t\t<\/div>\n\n\t\t\n<style>\n#section_1909174708 {\n  padding-top: 0px;\n  padding-bottom: 0px;\n  background-color: #89bb22;\n}\n<\/style>\n\t<\/section>\n\t\n\n\t<section class=\"section dark\" id=\"section_318022276\">\n\t\t<div class=\"section-bg fill\" >\n\t\t\t\t\t\t\t\t\t<div class=\"section-bg-overlay absolute fill\"><\/div>\n\t\t\t\n\n\t\t<\/div>\n\n\t\t\n\n\t\t<div class=\"section-content relative\">\n\t\t\t\n\n<div class=\"row row-collapse row-full-width align-middle\"  id=\"row-777150353\">\n\n\n\t<div id=\"col-266370668\" class=\"col medium-6 small-12 large-6\"  >\n\t\t\t\t<div class=\"col-inner\"  >\n\t\t\t\n\t\t\t\n\n\t<div class=\"img has-hover x md-x lg-x y md-y lg-y\" id=\"image_247441350\">\n\t\t\t\t\t\t<div data-animate=\"fadeInLeft\">\t\t<div class=\"img-inner dark\" >\n\t\t\t<img loading=\"lazy\" decoding=\"async\" width=\"1107\" height=\"754\" src=\"https:\/\/hlworldwidelog.com\/wp-content\/uploads\/2020\/10\/warehouse-1.jpg\" class=\"attachment-original size-original\" alt=\"\" srcset=\"https:\/\/hlworldwidelog.com\/wp-content\/uploads\/2020\/10\/warehouse-1.jpg 1107w, https:\/\/hlworldwidelog.com\/wp-content\/uploads\/2020\/10\/warehouse-1-300x204.jpg 300w, https:\/\/hlworldwidelog.com\/wp-content\/uploads\/2020\/10\/warehouse-1-1024x697.jpg 1024w, https:\/\/hlworldwidelog.com\/wp-content\/uploads\/2020\/10\/warehouse-1-768x523.jpg 768w\" sizes=\"auto, (max-width: 1107px) 100vw, 1107px\" \/>\t\t\t\t\t\t\n\t\t\t\t\t<\/div>\n\t\t<\/div>\t\t\t\t\t\t\n<style>\n#image_247441350 {\n  width: 100%;\n}\n<\/style>\n\t<\/div>\n\t\n\n\n\t\t<\/div>\n\t\t\t\t\t<\/div>\n\n\t\n\n\t<div id=\"col-522441343\" class=\"col medium-6 small-12 large-6\"  data-animate=\"fadeInRight\">\n\t\t\t\t<div class=\"col-inner text-left\"  >\n\t\t\t\n\t\t\t\n\n<p>HL Worldwide Logistics, juntamente con nuestra red de Agentes Internacionales, somos una combinaci\u00f3n de personal capacitado que sabe c\u00f3mo funciona la Cadena de servicios log\u00edsticos a nivel mundial.  \u2028\u2028Contamos con Centro receptor de mercanc\u00edas en Miami, Florida.  La Cual funciona como el centro de transbordo, recepci\u00f3n y despachos hacia Centro Am\u00e9rica, El Caribe y Sur Am\u00e9rica, hacia Canad\u00e1, Europa, Asia, mediano y lejano oriente.<\/p>\n\n\n\t\t<\/div>\n\t\t\t\t\n<style>\n#col-522441343 > .col-inner {\n  padding: 5% 5% 5% 5%;\n  max-width: 520px;\n}\n<\/style>\n\t<\/div>\n\n\t\n\n<\/div>\n\n\t\t<\/div>\n\n\t\t\n<style>\n#section_318022276 {\n  padding-top: 0px;\n  padding-bottom: 0px;\n  background-color: #1e73be;\n}\n#section_318022276 .section-bg-overlay {\n  background-color: rgba(0, 0, 0, 0.73);\n}\n<\/style>\n\t<\/section>\n\t\n\n\t<section class=\"section\" id=\"section_650811001\">\n\t\t<div class=\"section-bg fill\" >\n\t\t\t\t\t\t\t\t\t\n\t\t\t\n\n\t\t<\/div>\n\n\t\t\n\n\t\t<div class=\"section-content relative\">\n\t\t\t\n\n<div class=\"row\"  id=\"row-475193923\">\n\n\n\t<div id=\"col-402626591\" class=\"col small-12 large-12\"  >\n\t\t\t\t<div class=\"col-inner\"  >\n\t\t\t\n\t\t\t\n\n<ul>\n<li class=\"li1\">Servicio nacional, internacional 24\/7.<\/li>\n<li class=\"li1\">Almacenaje y distribuci\u00f3n.<\/li>\n<li class=\"li1\">Bodega 3PL, Consolidaci\u00f3n y distribuci\u00f3n, carga en-tr\u00e1nsito, trasbordos.<\/li>\n<li class=\"li1\">Recolecciones y entregas, servicios de cami\u00f3n en todas las ciudades de USA y ciudades<span class=\"Apple-converted-space\">\u00a0 \u00a0 <\/span>principales a nivel mundial.<\/li>\n<li class=\"li1\">Punto de acopio y salidas de embarques v\u00eda a\u00e9rea y mar\u00edtima.\u00a0<\/li>\n<li class=\"li1\">Almacenaje a corto y largo plazo, Manejo y administraci\u00f3n de inventarios.<\/li>\n<\/ul>\n\n\t\t<\/div>\n\t\t\t\t\t<\/div>\n\n\t\n\n<\/div>\n\n\t\t<\/div>\n\n\t\t\n<style>\n#section_650811001 {\n  padding-top: 30px;\n  padding-bottom: 30px;\n}\n<\/style>\n\t<\/section>\n\t\n\n","protected":false},"excerpt":{"rendered":"","protected":false},"author":1,"featured_media":0,"parent":0,"menu_order":0,"comment_status":"closed","ping_status":"closed","template":"page-blank.php","meta":{"footnotes":""},"class_list":["post-207","page","type-page","status-publish","hentry"],"_links":{"self":[{"href":"https:\/\/hlworldwidelog.com\/es\/wp-json\/wp\/v2\/pages\/207","targetHints":{"allow":["GET"]}}],"collection":[{"href":"https:\/\/hlworldwidelog.com\/es\/wp-json\/wp\/v2\/pages"}],"about":[{"href":"https:\/\/hlworldwidelog.com\/es\/wp-json\/wp\/v2\/types\/page"}],"author":[{"embeddable":true,"href":"https:\/\/hlworldwidelog.com\/es\/wp-json\/wp\/v2\/users\/1"}],"replies":[{"embeddable":true,"href":"https:\/\/hlworldwidelog.com\/es\/wp-json\/wp\/v2\/comments?post=207"}],"version-history":[{"count":11,"href":"https:\/\/hlworldwidelog.com\/es\/wp-json\/wp\/v2\/pages\/207\/revisions"}],"predecessor-version":[{"id":662,"href":"https:\/\/hlworldwidelog.com\/es\/wp-json\/wp\/v2\/pages\/207\/revisions\/662"}],"wp:attachment":[{"href":"https:\/\/hlworldwidelog.com\/es\/wp-json\/wp\/v2\/media?parent=207"}],"curies":[{"name":"wp","href":"https:\/\/api.w.org\/{rel}","templated":true}]}}