{"id":201,"date":"2020-10-23T19:12:09","date_gmt":"2020-10-23T19:12:09","guid":{"rendered":"https:\/\/hlworldwidelog.com\/?page_id=201"},"modified":"2023-10-23T22:12:24","modified_gmt":"2023-10-23T22:12:24","slug":"air-freight","status":"publish","type":"page","link":"https:\/\/hlworldwidelog.com\/es\/air-freight\/","title":{"rendered":"AIR FREIGHT"},"content":{"rendered":"\n\n\t<section class=\"section dark\" id=\"section_1659111922\">\n\t\t<div class=\"section-bg fill\" >\n\t\t\t\t\t\t\t\t\t\n\t\t\t\n\n\t\t<\/div>\n\n\t\t\n\n\t\t<div class=\"section-content relative\">\n\t\t\t\n\n<div class=\"row\"  id=\"row-882637820\">\n\n\n\t<div id=\"col-1947567966\" class=\"col small-12 large-12\"  >\n\t\t\t\t<div class=\"col-inner\"  >\n\t\t\t\n\t\t\t\n\n\t<div id=\"gap-1502748443\" class=\"gap-element clearfix\" style=\"display:block; height:auto;\">\n\t\t\n<style>\n#gap-1502748443 {\n  padding-top: 30px;\n}\n<\/style>\n\t<\/div>\n\t\n\n<h2>FLETES A\u00c9REOS<\/h2>\n\n\t\t<\/div>\n\t\t\t\t\t<\/div>\n\n\t\n\n<\/div>\n\n\t\t<\/div>\n\n\t\t\n<style>\n#section_1659111922 {\n  padding-top: 0px;\n  padding-bottom: 0px;\n  background-color: #89bb22;\n}\n<\/style>\n\t<\/section>\n\t\n\n\t<section class=\"section dark\" id=\"section_2020097727\">\n\t\t<div class=\"section-bg fill\" >\n\t\t\t\t\t\t\t\t\t<div class=\"section-bg-overlay absolute fill\"><\/div>\n\t\t\t\n\n\t\t<\/div>\n\n\t\t\n\n\t\t<div class=\"section-content relative\">\n\t\t\t\n\n<div class=\"row row-collapse row-full-width align-middle\"  id=\"row-832223947\">\n\n\n\t<div id=\"col-2087683484\" class=\"col medium-6 small-12 large-6\"  >\n\t\t\t\t<div class=\"col-inner\"  >\n\t\t\t\n\t\t\t\n\n\t<div class=\"img has-hover x md-x lg-x y md-y lg-y\" id=\"image_801964529\">\n\t\t\t\t\t\t<div data-animate=\"fadeInLeft\">\t\t<div class=\"img-inner dark\" >\n\t\t\t<img loading=\"lazy\" decoding=\"async\" width=\"1107\" height=\"754\" src=\"https:\/\/hlworldwidelog.com\/wp-content\/uploads\/2020\/10\/Air-cargo.jpg\" class=\"attachment-original size-original\" alt=\"\" srcset=\"https:\/\/hlworldwidelog.com\/wp-content\/uploads\/2020\/10\/Air-cargo.jpg 1107w, https:\/\/hlworldwidelog.com\/wp-content\/uploads\/2020\/10\/Air-cargo-300x204.jpg 300w, https:\/\/hlworldwidelog.com\/wp-content\/uploads\/2020\/10\/Air-cargo-1024x697.jpg 1024w, https:\/\/hlworldwidelog.com\/wp-content\/uploads\/2020\/10\/Air-cargo-768x523.jpg 768w\" sizes=\"auto, (max-width: 1107px) 100vw, 1107px\" \/>\t\t\t\t\t\t\n\t\t\t\t\t<\/div>\n\t\t<\/div>\t\t\t\t\t\t\n<style>\n#image_801964529 {\n  width: 100%;\n}\n<\/style>\n\t<\/div>\n\t\n\n\n\t\t<\/div>\n\t\t\t\t\t<\/div>\n\n\t\n\n\t<div id=\"col-634986997\" class=\"col medium-6 small-12 large-6\"  data-animate=\"fadeInRight\">\n\t\t\t\t<div class=\"col-inner text-left\"  >\n\t\t\t\n\t\t\t\n\n<p>HL Worldwide Logistics es \u00fanico en su clase, debido al trabajo dedicado de nuestros experimentados profesionales, socios estrat\u00e9gicos, agentes y proveedores; estamos en la capacidad de brindar servicios globales de transporte de carga a\u00e9rea a nuestros clientes en cualquier lugar y en cualquier momento, lo que nos permite transferir precios competitivos y desempe\u00f1o puntual en el servicio de carga a\u00e9rea. \u00a0\u00a0 \u2028\u2028<\/p>\n<p>HL Worldwide Logistics \u2028Mantiene cobertura en todos los aeropuertos del mundo, con tarifas especiales de fletes a\u00e9reos, espacio fletado a\u00e9reo (Ch\u00e1rter), Contenedores GOH, contenedores LD Air, perecederos, embarques con temperatura controlada, cargas peligrosas IMO. La disponibilidad de espacio siempre nos la otorgan las aerol\u00edneas, debido los vol\u00famenes, a la relaci\u00f3n estable y a largo plazo que tenemos, para manejar el volumen, el peso y el tr\u00e1fico regular que mantenemos.<\/p>\n\n\t\t<\/div>\n\t\t\t\t\n<style>\n#col-634986997 > .col-inner {\n  padding: 5% 5% 5% 5%;\n  max-width: 520px;\n}\n<\/style>\n\t<\/div>\n\n\t\n\n<\/div>\n\n\t\t<\/div>\n\n\t\t\n<style>\n#section_2020097727 {\n  padding-top: 0px;\n  padding-bottom: 0px;\n  background-color: #1e73be;\n}\n#section_2020097727 .section-bg-overlay {\n  background-color: rgba(0, 0, 0, 0.73);\n}\n<\/style>\n\t<\/section>\n\t\n\n","protected":false},"excerpt":{"rendered":"","protected":false},"author":1,"featured_media":0,"parent":0,"menu_order":0,"comment_status":"closed","ping_status":"closed","template":"page-blank.php","meta":{"footnotes":""},"class_list":["post-201","page","type-page","status-publish","hentry"],"_links":{"self":[{"href":"https:\/\/hlworldwidelog.com\/es\/wp-json\/wp\/v2\/pages\/201","targetHints":{"allow":["GET"]}}],"collection":[{"href":"https:\/\/hlworldwidelog.com\/es\/wp-json\/wp\/v2\/pages"}],"about":[{"href":"https:\/\/hlworldwidelog.com\/es\/wp-json\/wp\/v2\/types\/page"}],"author":[{"embeddable":true,"href":"https:\/\/hlworldwidelog.com\/es\/wp-json\/wp\/v2\/users\/1"}],"replies":[{"embeddable":true,"href":"https:\/\/hlworldwidelog.com\/es\/wp-json\/wp\/v2\/comments?post=201"}],"version-history":[{"count":7,"href":"https:\/\/hlworldwidelog.com\/es\/wp-json\/wp\/v2\/pages\/201\/revisions"}],"predecessor-version":[{"id":659,"href":"https:\/\/hlworldwidelog.com\/es\/wp-json\/wp\/v2\/pages\/201\/revisions\/659"}],"wp:attachment":[{"href":"https:\/\/hlworldwidelog.com\/es\/wp-json\/wp\/v2\/media?parent=201"}],"curies":[{"name":"wp","href":"https:\/\/api.w.org\/{rel}","templated":true}]}}