{"id":187,"date":"2020-10-23T17:50:11","date_gmt":"2020-10-23T17:50:11","guid":{"rendered":"https:\/\/hlworldwidelog.com\/?page_id=187"},"modified":"2023-10-23T22:11:44","modified_gmt":"2023-10-23T22:11:44","slug":"flete-maritimo","status":"publish","type":"page","link":"https:\/\/hlworldwidelog.com\/es\/flete-maritimo\/","title":{"rendered":"FLETE MAR\u00cdTIMO"},"content":{"rendered":"\n\n\t<section class=\"section dark\" id=\"section_780034357\">\n\t\t<div class=\"section-bg fill\" >\n\t\t\t\t\t\t\t\t\t\n\t\t\t\n\n\t\t<\/div>\n\n\t\t\n\n\t\t<div class=\"section-content relative\">\n\t\t\t\n\n<div class=\"row\"  id=\"row-1836556188\">\n\n\n\t<div id=\"col-1627782154\" class=\"col small-12 large-12\"  >\n\t\t\t\t<div class=\"col-inner\"  >\n\t\t\t\n\t\t\t\n\n\t<div id=\"gap-1056387640\" class=\"gap-element clearfix\" style=\"display:block; height:auto;\">\n\t\t\n<style>\n#gap-1056387640 {\n  padding-top: 30px;\n}\n<\/style>\n\t<\/div>\n\t\n\n<h2>TRANSPORTE PROFESIONAL<br \/>\n <\/h2>\n\n\t\t<\/div>\n\t\t\t\t\t<\/div>\n\n\t\n\n<\/div>\n\n\t\t<\/div>\n\n\t\t\n<style>\n#section_780034357 {\n  padding-top: 0px;\n  padding-bottom: 0px;\n  background-color: #89bb22;\n}\n<\/style>\n\t<\/section>\n\t\n\n\t<section class=\"section\" id=\"section_474096639\">\n\t\t<div class=\"section-bg fill\" >\n\t\t\t\t\t\t\t\t\t\n\t\t\t\n\n\t\t<\/div>\n\n\t\t\n\n\t\t<div class=\"section-content relative\">\n\t\t\t\n\n<div class=\"row\"  id=\"row-1268999628\">\n\n\n\t<div id=\"col-1154898276\" class=\"col small-12 large-12\"  data-animate=\"fadeInUp\">\n\t\t\t\t<div class=\"col-inner\"  >\n\t\t\t\n\t\t\t\n\n<h2>SERVICIO DE FLETE MAR\u00cdTIMO <\/h2>\n<h4>Nuestro servicio mar\u00edtimo est\u00e1 respaldado por horarios convenientes, tiempos de tr\u00e1nsito cortos y las tarifas m\u00e1s competitivas en FCL (Carga de contenedor completo), LCL (Carga consolidada o agrupada de varios clientes dentro de un mismo contenedor) desde \/ hacia los principales puertos y mercados del mundo, independientemente del tama\u00f1o, peso y tipo de mercanc\u00eda que necesita mover, encontramos la mejor opci\u00f3n que se adapte a sus requerimientos de servicio. <\/p>\n<h4>\n\n\n\t\t<\/div>\n\t\t\t\t\t<\/div>\n\n\t\n\n<\/div>\n\n\t\t<\/div>\n\n\t\t\n<style>\n#section_474096639 {\n  padding-top: 60px;\n  padding-bottom: 60px;\n}\n<\/style>\n\t<\/section>\n\t\n\n\t<section class=\"section dark\" id=\"section_137356454\">\n\t\t<div class=\"section-bg fill\" >\n\t\t\t\t\t\t\t\t\t<div class=\"section-bg-overlay absolute fill\"><\/div>\n\t\t\t\n\n\t\t<\/div>\n\n\t\t\n\n\t\t<div class=\"section-content relative\">\n\t\t\t\n\n<div class=\"row row-collapse row-full-width align-middle\"  id=\"row-1290882173\">\n\n\n\t<div id=\"col-833188988\" class=\"col medium-6 small-12 large-6\"  >\n\t\t\t\t<div class=\"col-inner\"  >\n\t\t\t\n\t\t\t\n\n\t<div class=\"img has-hover x md-x lg-x y md-y lg-y\" id=\"image_2101737024\">\n\t\t\t\t\t\t<div data-animate=\"fadeInLeft\">\t\t<div class=\"img-inner dark\" >\n\t\t\t<img loading=\"lazy\" decoding=\"async\" width=\"1107\" height=\"754\" src=\"https:\/\/hlworldwidelog.com\/wp-content\/uploads\/2020\/10\/ocean-freight.jpg\" class=\"attachment-original size-original\" alt=\"\" srcset=\"https:\/\/hlworldwidelog.com\/wp-content\/uploads\/2020\/10\/ocean-freight.jpg 1107w, https:\/\/hlworldwidelog.com\/wp-content\/uploads\/2020\/10\/ocean-freight-300x204.jpg 300w, https:\/\/hlworldwidelog.com\/wp-content\/uploads\/2020\/10\/ocean-freight-1024x697.jpg 1024w, https:\/\/hlworldwidelog.com\/wp-content\/uploads\/2020\/10\/ocean-freight-768x523.jpg 768w\" sizes=\"auto, (max-width: 1107px) 100vw, 1107px\" \/>\t\t\t\t\t\t\n\t\t\t\t\t<\/div>\n\t\t<\/div>\t\t\t\t\t\t\n<style>\n#image_2101737024 {\n  width: 100%;\n}\n<\/style>\n\t<\/div>\n\t\n\n\n\t\t<\/div>\n\t\t\t\t\t<\/div>\n\n\t\n\n\t<div id=\"col-569651724\" class=\"col medium-6 small-12 large-6\"  data-animate=\"fadeInRight\">\n\t\t\t\t<div class=\"col-inner text-left\"  >\n\t\t\t\n\t\t\t\n\n<p>Preparamos sus env\u00edos desde el punto de origen hasta el destino (servicio puerta a puerta) cumpliendo con las formalidades y aprobaciones pertinentes que pudieran ser necesarias.<\/p>\n<p>Nuestras sucursales operacionales estrat\u00e9gica de puertos y oficinas de las principales ciudades a nivel mundial, as\u00ed como con personal calificado, significan las muchas opciones de contactos r\u00e1pidos para mover sus valiosos env\u00edos, de esta manera HL Worldwide Logistics, ofrece servicios adicionales para atender sus necesidades m\u00e1s all\u00e1 del transporte de carga. &#8211; Env\u00edos cruzados: Incluso podemos enviar su carga entre pa\u00edses distintos a Honduras.<\/p>\n\n\t\t<\/div>\n\t\t\t\t\n<style>\n#col-569651724 > .col-inner {\n  padding: 5% 5% 5% 5%;\n  max-width: 520px;\n}\n<\/style>\n\t<\/div>\n\n\t\n\n<\/div>\n\n\t\t<\/div>\n\n\t\t\n<style>\n#section_137356454 {\n  padding-top: 0px;\n  padding-bottom: 0px;\n  background-color: #1e73be;\n}\n#section_137356454 .section-bg-overlay {\n  background-color: rgba(0, 0, 0, 0.73);\n}\n<\/style>\n\t<\/section>\n\t\n\n\t<section class=\"section\" id=\"section_878807907\">\n\t\t<div class=\"section-bg fill\" >\n\t\t\t\t\t\t\t\t\t\n\t\t\t\n\n\t\t<\/div>\n\n\t\t\n\n\t\t<div class=\"section-content relative\">\n\t\t\t\n\n<div class=\"row\"  id=\"row-783861774\">\n\n\n\t<div id=\"col-1016542269\" class=\"col small-12 large-12\"  >\n\t\t\t\t<div class=\"col-inner\"  >\n\t\t\t\n\t\t\t\n\n<p>Somos m\u00e1s que un socio estrat\u00e9gico; somos su empresa de soluciones para la cadena de suministro, por lo que le invitamos cordialmente a seguir adelante, y avanzar en el alcance de sus metas de crecimiento con Nosotros.<\/p>\n\n\n\t\t<\/div>\n\t\t\t\t\t<\/div>\n\n\t\n\n<\/div>\n\n\t\t<\/div>\n\n\t\t\n<style>\n#section_878807907 {\n  padding-top: 30px;\n  padding-bottom: 30px;\n}\n<\/style>\n\t<\/section>\n\t\n\n","protected":false},"excerpt":{"rendered":"","protected":false},"author":1,"featured_media":0,"parent":0,"menu_order":0,"comment_status":"closed","ping_status":"closed","template":"page-blank.php","meta":{"footnotes":""},"class_list":["post-187","page","type-page","status-publish","hentry"],"_links":{"self":[{"href":"https:\/\/hlworldwidelog.com\/es\/wp-json\/wp\/v2\/pages\/187","targetHints":{"allow":["GET"]}}],"collection":[{"href":"https:\/\/hlworldwidelog.com\/es\/wp-json\/wp\/v2\/pages"}],"about":[{"href":"https:\/\/hlworldwidelog.com\/es\/wp-json\/wp\/v2\/types\/page"}],"author":[{"embeddable":true,"href":"https:\/\/hlworldwidelog.com\/es\/wp-json\/wp\/v2\/users\/1"}],"replies":[{"embeddable":true,"href":"https:\/\/hlworldwidelog.com\/es\/wp-json\/wp\/v2\/comments?post=187"}],"version-history":[{"count":15,"href":"https:\/\/hlworldwidelog.com\/es\/wp-json\/wp\/v2\/pages\/187\/revisions"}],"predecessor-version":[{"id":658,"href":"https:\/\/hlworldwidelog.com\/es\/wp-json\/wp\/v2\/pages\/187\/revisions\/658"}],"wp:attachment":[{"href":"https:\/\/hlworldwidelog.com\/es\/wp-json\/wp\/v2\/media?parent=187"}],"curies":[{"name":"wp","href":"https:\/\/api.w.org\/{rel}","templated":true}]}}