{"id":14,"date":"2020-10-13T02:53:36","date_gmt":"2020-10-13T02:53:36","guid":{"rendered":"https:\/\/hlworldwidelog.com\/?page_id=14"},"modified":"2023-10-24T01:08:38","modified_gmt":"2023-10-24T01:08:38","slug":"home","status":"publish","type":"page","link":"https:\/\/hlworldwidelog.com\/es\/","title":{"rendered":"Inicio"},"content":{"rendered":"\n\n\t<section class=\"section dark\" id=\"section_630034902\">\n\t\t<div class=\"section-bg fill\" >\n\t\t\t\t\t\t\t\t\t\n\t\t\t\n\n\t\t<\/div>\n\n\t\t\n\n\t\t<div class=\"section-content relative\">\n\t\t\t\n\n<div class=\"slider-wrapper relative\" id=\"slider-1775180467\" >\n    <div class=\"slider slider-nav-circle slider-nav-large slider-nav-light slider-style-normal\"\n        data-flickity-options='{\n            \"cellAlign\": \"center\",\n            \"imagesLoaded\": true,\n            \"lazyLoad\": 1,\n            \"freeScroll\": false,\n            \"wrapAround\": true,\n            \"autoPlay\": 6000,\n            \"pauseAutoPlayOnHover\" : true,\n            \"prevNextButtons\": true,\n            \"contain\" : true,\n            \"adaptiveHeight\" : true,\n            \"dragThreshold\" : 10,\n            \"percentPosition\": true,\n            \"pageDots\": true,\n            \"rightToLeft\": false,\n            \"draggable\": true,\n            \"selectedAttraction\": 0.1,\n            \"parallax\" : 0,\n            \"friction\": 0.6        }'\n        >\n        \n\n\n  <div class=\"banner has-hover has-parallax\" id=\"banner-1660975842\">\n          <div class=\"banner-inner fill\">\n        <div class=\"banner-bg fill\" data-parallax=\"-4\" data-parallax-container=\".banner\" data-parallax-background>\n            <img loading=\"lazy\" decoding=\"async\" width=\"1800\" height=\"568\" src=\"https:\/\/hlworldwidelog.com\/wp-content\/uploads\/2020\/10\/marine-transportation.jpg\" class=\"bg attachment-original size-original\" alt=\"\" \/>                        <div class=\"overlay\"><\/div>            \n                    <\/div>\n\t\t\n        <div class=\"banner-layers container\">\n            <div class=\"fill banner-link\"><\/div>            \n\n   <div id=\"text-box-170291953\" class=\"text-box banner-layer x15 md-x90 lg-x90 y75 md-y50 lg-y50 res-text\">\n                     <div data-animate=\"fadeInRight\">           <div class=\"text-box-content text dark\">\n              \n              <div class=\"text-inner text-left\">\n                  \n\n<h3>PROPORCIONANDO COSTO EFECTIVO<\/h3>\n<h5>Y TRANSPORTE MAR\u00cdTIMO CONFIABLE<\/h5>\n<a data-animate=\"fadeInRight\" href=\"https:\/\/hlworldwidelog.com\/es\/flete-maritimo\/\" class=\"button secondary lowercase\" >\n\t\t<span>LEER M\u00c1S<\/span>\n\t<i class=\"icon-angle-right\" aria-hidden=\"true\"><\/i><\/a>\n\n\n\n              <\/div>\n           <\/div>\n       <\/div>                     \n<style>\n#text-box-170291953 {\n  width: 80%;\n}\n#text-box-170291953 .text-box-content {\n  font-size: 100%;\n}\n@media (min-width:550px) {\n  #text-box-170291953 {\n    width: 40%;\n  }\n}\n<\/style>\n    <\/div>\n \n\n        <\/div>\n      <\/div>\n\n            \n<style>\n#banner-1660975842 {\n  padding-top: 384px;\n}\n#banner-1660975842 .overlay {\n  background-color: rgba(0, 0, 0, 0.31);\n}\n#banner-1660975842 .banner-bg img {\n  object-position: 28% 31%;\n}\n<\/style>\n  <\/div>\n\n\n\n  <div class=\"banner has-hover has-parallax\" id=\"banner-1264726873\">\n          <div class=\"banner-inner fill\">\n        <div class=\"banner-bg fill\" data-parallax=\"-4\" data-parallax-container=\".banner\" data-parallax-background>\n            <img loading=\"lazy\" decoding=\"async\" width=\"1800\" height=\"568\" src=\"https:\/\/hlworldwidelog.com\/wp-content\/uploads\/2020\/10\/air-transportation.jpg\" class=\"bg attachment-original size-original\" alt=\"\" \/>                        <div class=\"overlay\"><\/div>            \n                    <\/div>\n\t\t\n        <div class=\"banner-layers container\">\n            <div class=\"fill banner-link\"><\/div>            \n\n   <div id=\"text-box-89885403\" class=\"text-box banner-layer x50 md-x90 lg-x90 y50 md-y50 lg-y50 res-text\">\n                     <div data-animate=\"fadeInRight\">           <div class=\"text-box-content text dark\">\n              \n              <div class=\"text-inner text-left\">\n                  \n\n<h3>PROPORCIONAMOS TRANSPORTE A\u00c9REO GLOBAL<\/h3>\n<h5>TRANSPORTE A CUALQUIER LUGAR EN CUALQUIER MOMENTO<\/h5>\n<a data-animate=\"fadeInRight\" href=\"https:\/\/hlworldwidelog.com\/es\/air-freight\/\" class=\"button secondary\" >\n\t\t<span>Leer m\u00e1s<\/span>\n\t<i class=\"icon-angle-right\" aria-hidden=\"true\"><\/i><\/a>\n\n\n\n              <\/div>\n           <\/div>\n       <\/div>                     \n<style>\n#text-box-89885403 {\n  width: 70%;\n}\n#text-box-89885403 .text-box-content {\n  font-size: 100%;\n}\n@media (min-width:550px) {\n  #text-box-89885403 {\n    width: 42%;\n  }\n}\n<\/style>\n    <\/div>\n \n\n        <\/div>\n      <\/div>\n\n            \n<style>\n#banner-1264726873 {\n  padding-top: 384px;\n}\n#banner-1264726873 .overlay {\n  background-color: rgba(0, 0, 0, 0.31);\n}\n#banner-1264726873 .banner-bg img {\n  object-position: 16% 50%;\n}\n<\/style>\n  <\/div>\n\n\n\n  <div class=\"banner has-hover has-parallax\" id=\"banner-559817105\">\n          <div class=\"banner-inner fill\">\n        <div class=\"banner-bg fill\" data-parallax=\"-4\" data-parallax-container=\".banner\" data-parallax-background>\n            <img loading=\"lazy\" decoding=\"async\" width=\"1800\" height=\"568\" src=\"https:\/\/hlworldwidelog.com\/wp-content\/uploads\/2020\/10\/custom.jpg\" class=\"bg attachment-original size-original\" alt=\"\" \/>                        <div class=\"overlay\"><\/div>            \n                    <\/div>\n\t\t\n        <div class=\"banner-layers container\">\n            <div class=\"fill banner-link\"><\/div>            \n\n   <div id=\"text-box-1626380877\" class=\"text-box banner-layer x85 md-x90 lg-x90 y50 md-y50 lg-y50 res-text\">\n                     <div data-animate=\"fadeInRight\">           <div class=\"text-box-content text dark\">\n              \n              <div class=\"text-inner text-left\">\n                  \n\n<h3>SOLUCIONES PERSONALIZADAS<\/h3>\n<h5>PARA SUS NECESIDADES LOG\u00cdSTICAS<\/h5>\n<a data-animate=\"fadeInRight\" href=\"https:\/\/hlworldwidelog.com\/es\/servicios\/\" class=\"button secondary\" >\n\t\t<span>LEER M\u00c1S<\/span>\n\t<i class=\"icon-angle-right\" aria-hidden=\"true\"><\/i><\/a>\n\n\n\n              <\/div>\n           <\/div>\n       <\/div>                     \n<style>\n#text-box-1626380877 {\n  width: 63%;\n}\n#text-box-1626380877 .text-box-content {\n  font-size: 100%;\n}\n@media (min-width:550px) {\n  #text-box-1626380877 {\n    width: 40%;\n  }\n}\n<\/style>\n    <\/div>\n \n\n        <\/div>\n      <\/div>\n\n            \n<style>\n#banner-559817105 {\n  padding-top: 384px;\n}\n#banner-559817105 .overlay {\n  background-color: rgba(0, 0, 0, 0.31);\n}\n#banner-559817105 .banner-bg img {\n  object-position: 21% 43%;\n}\n<\/style>\n  <\/div>\n\n\n\n  <div class=\"banner has-hover has-parallax\" id=\"banner-1200285274\">\n          <div class=\"banner-inner fill\">\n        <div class=\"banner-bg fill\" data-parallax=\"-4\" data-parallax-container=\".banner\" data-parallax-background>\n            <img loading=\"lazy\" decoding=\"async\" width=\"1800\" height=\"568\" src=\"https:\/\/hlworldwidelog.com\/wp-content\/uploads\/2020\/10\/Warehouse.jpg\" class=\"bg attachment-original size-original\" alt=\"\" \/>                        <div class=\"overlay\"><\/div>            \n                    <\/div>\n\t\t\n        <div class=\"banner-layers container\">\n            <div class=\"fill banner-link\"><\/div>            \n\n   <div id=\"text-box-996453833\" class=\"text-box banner-layer x85 md-x95 lg-x95 y50 md-y50 lg-y50 res-text\">\n                     <div data-animate=\"fadeInRight\">           <div class=\"text-box-content text dark\">\n              \n              <div class=\"text-inner text-left\">\n                  \n\n<h3>SOMOS UNA COMBINACI\u00d3N DE EXPERIENCIA<\/h3>\n<h5>Y PERSONAS CAPACES QUE CONOCEN EL ABASTECIMIENTO LOCAL<\/h5>\n<a data-animate=\"fadeInRight\" href=\"https:\/\/hlworldwidelog.com\/es\/servicios\/\" class=\"button secondary lowercase\" >\n\t\t<span>LEER M\u00c1S<\/span>\n\t<i class=\"icon-angle-right\" aria-hidden=\"true\"><\/i><\/a>\n\n\n\n              <\/div>\n           <\/div>\n       <\/div>                     \n<style>\n#text-box-996453833 {\n  width: 60%;\n}\n#text-box-996453833 .text-box-content {\n  font-size: 100%;\n}\n@media (min-width:550px) {\n  #text-box-996453833 {\n    width: 45%;\n  }\n}\n<\/style>\n    <\/div>\n \n\n        <\/div>\n      <\/div>\n\n            \n<style>\n#banner-1200285274 {\n  padding-top: 384px;\n}\n#banner-1200285274 .overlay {\n  background-color: rgba(0, 0, 0, 0.31);\n}\n#banner-1200285274 .banner-bg img {\n  object-position: 97% 46%;\n}\n<\/style>\n  <\/div>\n\n\n\n  <div class=\"banner has-hover has-parallax\" id=\"banner-1569066372\">\n          <div class=\"banner-inner fill\">\n        <div class=\"banner-bg fill\" data-parallax=\"-4\" data-parallax-container=\".banner\" data-parallax-background>\n            <img loading=\"lazy\" decoding=\"async\" width=\"1800\" height=\"568\" src=\"https:\/\/hlworldwidelog.com\/wp-content\/uploads\/2020\/10\/land-transportation.jpg\" class=\"bg attachment-original size-original\" alt=\"\" \/>                        <div class=\"overlay\"><\/div>            \n                    <\/div>\n\t\t\n        <div class=\"banner-layers container\">\n            <div class=\"fill banner-link\"><\/div>            \n\n   <div id=\"text-box-2098634234\" class=\"text-box banner-layer x15 md-x95 lg-x95 y50 md-y50 lg-y50 res-text\">\n                     <div data-animate=\"fadeInRight\">           <div class=\"text-box-content text dark\">\n              \n              <div class=\"text-inner text-left\">\n                  \n\n<h3>SOMOS LA COMBINACI\u00d3N DE PERSONAS CAPACES Y CON EXPERIENCIA<\/h3>\n<h5>QUE SABEN OFRECER UNA CATEGOR\u00cdA \u00daNICA MUNDIAL PARA SU EMPRESA EN SERVICIO DE TRANSPORTE PUERTA A PUERTA PARA TODAS SUS NECESIDADES<\/h5>\n<a data-animate=\"fadeInRight\" href=\"https:\/\/hlworldwidelog.com\/es\/fletes-terrestres\/\" class=\"button secondary lowercase\" >\n\t\t<span>LEER M\u00c1S<\/span>\n\t<i class=\"icon-angle-right\" aria-hidden=\"true\"><\/i><\/a>\n\n\n\n              <\/div>\n           <\/div>\n       <\/div>                     \n<style>\n#text-box-2098634234 {\n  width: 77%;\n}\n#text-box-2098634234 .text-box-content {\n  font-size: 100%;\n}\n@media (min-width:550px) {\n  #text-box-2098634234 {\n    width: 45%;\n  }\n}\n<\/style>\n    <\/div>\n \n\n        <\/div>\n      <\/div>\n\n            \n<style>\n#banner-1569066372 {\n  padding-top: 384px;\n}\n#banner-1569066372 .overlay {\n  background-color: rgba(0, 0, 0, 0.31);\n}\n#banner-1569066372 .banner-bg img {\n  object-position: 95% 50%;\n}\n<\/style>\n  <\/div>\n\n\n\n     <\/div>\n\n     <div class=\"loading-spin dark large centered\"><\/div>\n\n\t<\/div>\n\n\n\n\t\t<\/div>\n\n\t\t\n<style>\n#section_630034902 {\n  padding-top: 0px;\n  padding-bottom: 0px;\n  background-color: rgb(40, 40, 40);\n}\n<\/style>\n\t<\/section>\n\t\n\n\t<section class=\"section\" id=\"section_864219901\">\n\t\t<div class=\"section-bg fill\" >\n\t\t\t\t\t\t\t\t\t\n\t\t\t\n\n\t\t<\/div>\n\n\t\t\n\n\t\t<div class=\"section-content relative\">\n\t\t\t\n\n<div class=\"row\"  id=\"row-657874258\">\n\n\n\t<div id=\"col-382938453\" class=\"col medium-1 small-12 large-1\"  >\n\t\t\t\t<div class=\"col-inner\"  >\n\t\t\t\n\t\t\t\n\n\n\t\t<\/div>\n\t\t\t\t\t<\/div>\n\n\t\n\n\t<div id=\"col-1883738598\" class=\"col medium-10 small-12 large-10\"  data-animate=\"fadeInUp\">\n\t\t\t\t<div class=\"col-inner\"  >\n\t\t\t\n\t\t\t\n\n<h2>ACERCA DE HL WORLDWIDE LOGISTICS<\/h2>\n<h4>Nos especializamos en Servicios de Log\u00edstica de Carga v\u00eda Mar\u00edtima, A\u00e9rea, Terrestres, Gestiones aduaneras, para importaciones y exportaciones, desde y hacia cualquier destino en el mundo, Seguro de carga, FULL COVER para mercanc\u00edas nuevas o materias primas y STRANDING COVER para mercanc\u00eda usada, Servicio de almacenaje y distribuci\u00f3n.\n<\/p>\n<h4>\n<h4>\u00bfPor qu\u00e9 trabajar con nosotros? <br \/>Profesionalismo, experiencia, Fidelizaci\u00f3n, ubicaci\u00f3n geogr\u00e1fica estrat\u00e9gica, servicio a todas las necesidades del cliente.<\/h4>\n\n\t\t<\/div>\n\t\t\t\t\t<\/div>\n\n\t\n\n<\/div>\n\n\t\t<\/div>\n\n\t\t\n<style>\n#section_864219901 {\n  padding-top: 60px;\n  padding-bottom: 60px;\n}\n<\/style>\n\t<\/section>\n\t\n\n\t<section class=\"section dark\" id=\"section_977703832\">\n\t\t<div class=\"section-bg fill\" >\n\t\t\t\t\t\t\t\t\t<div class=\"section-bg-overlay absolute fill\"><\/div>\n\t\t\t\n\n\t\t<\/div>\n\n\t\t\n\n\t\t<div class=\"section-content relative\">\n\t\t\t\n\n<div class=\"row row-collapse row-full-width align-middle\"  id=\"row-310222912\">\n\n\n\t<div id=\"col-1600756154\" class=\"col medium-6 small-12 large-6\"  >\n\t\t\t\t<div class=\"col-inner\"  >\n\t\t\t\n\t\t\t\n\n\t<div class=\"img has-hover x md-x lg-x y md-y lg-y\" id=\"image_2048775251\">\n\t\t\t\t\t\t<div data-animate=\"fadeInLeft\">\t\t<div class=\"img-inner dark\" >\n\t\t\t<img loading=\"lazy\" decoding=\"async\" width=\"1107\" height=\"900\" src=\"https:\/\/hlworldwidelog.com\/wp-content\/uploads\/2020\/10\/logistic2.jpg\" class=\"attachment-original size-original\" alt=\"\" srcset=\"https:\/\/hlworldwidelog.com\/wp-content\/uploads\/2020\/10\/logistic2.jpg 1107w, https:\/\/hlworldwidelog.com\/wp-content\/uploads\/2020\/10\/logistic2-300x244.jpg 300w, https:\/\/hlworldwidelog.com\/wp-content\/uploads\/2020\/10\/logistic2-1024x833.jpg 1024w, https:\/\/hlworldwidelog.com\/wp-content\/uploads\/2020\/10\/logistic2-768x624.jpg 768w\" sizes=\"auto, (max-width: 1107px) 100vw, 1107px\" \/>\t\t\t\t\t\t\n\t\t\t\t\t<\/div>\n\t\t<\/div>\t\t\t\t\t\t\n<style>\n#image_2048775251 {\n  width: 100%;\n}\n<\/style>\n\t<\/div>\n\t\n\n\n\t\t<\/div>\n\t\t\t\t\t<\/div>\n\n\t\n\n\t<div id=\"col-1453411236\" class=\"col medium-6 small-12 large-6\"  >\n\t\t\t\t<div class=\"col-inner\"  >\n\t\t\t\n\t\t\t\n\n<h2>NUESTROS SERVICIOS<\/h2>\n<p>En HL Worldwide Logistics somos conscientes que la satisfacci\u00f3n del Cliente es la palabra clave para el \u00e9xito mutuo y duradero. Tenemos la Fortaleza de brindar tarifas competitivas y una amplia gama de Servicios log\u00edsticos de transporte de carga, para todo tipo de cargas est\u00e1ndar y con sobre peso o sobre dimensiones. Nos enfocamos en brindar servicio personalizado a la medida de los requerimientos de cada uno de nuestros Clientes.<\/p>\n\n\t\t<\/div>\n\t\t\t\t\n<style>\n#col-1453411236 > .col-inner {\n  padding: 5% 5% 5% 5%;\n  max-width: 520px;\n}\n<\/style>\n\t<\/div>\n\n\t\n\n<\/div>\n\n\t\t<\/div>\n\n\t\t\n<style>\n#section_977703832 {\n  padding-top: 0px;\n  padding-bottom: 0px;\n  background-color: #1e73be;\n}\n#section_977703832 .section-bg-overlay {\n  background-color: rgba(0, 0, 0, 0.73);\n}\n<\/style>\n\t<\/section>\n\t\n\n\t<section class=\"section\" id=\"section_834671263\">\n\t\t<div class=\"section-bg fill\" >\n\t\t\t\t\t\t\t\t\t\n\t\t\t\n\n\t\t<\/div>\n\n\t\t\n\n\t\t<div class=\"section-content relative\">\n\t\t\t\n\n<div class=\"row\"  id=\"row-1947110145\">\n\n\n\t<div id=\"col-1505255252\" class=\"col medium-2 small-12 large-2\"  >\n\t\t\t\t<div class=\"col-inner\"  >\n\t\t\t\n\t\t\t\n\n\n\t\t<\/div>\n\t\t\t\t\t<\/div>\n\n\t\n\n\t<div id=\"col-1299965305\" class=\"col medium-8 small-12 large-8\"  >\n\t\t\t\t<div class=\"col-inner\"  >\n\t\t\t\n\t\t\t\n\n<h3 class=\"p1\"><strong><span class=\"s1\">Servicio de transporte de carga v\u00eda mar\u00edtima, a\u00e9rea, terrestre, Gestiones aduaneras, Seguro de Carga de acuerdo a cada necesidad: <\/span><\/strong><\/h3>\n<ul>\n<li>Servicio de Carga a\u00e9rea, temperatura controlada, productos agroindustriales, NFO*, HC<\/li>\n<li>FCL : Contenedores completos directos : 20\u2019, 40\u2019STD, 40\u2019HC, 45\u00b4, 40\u2019 OT**, 40\u2019 NOR***, 20\u00b4y 40\u00b4FLAT RACK, 40\u00b4GOH****20\u2019 Y 40\u2019 Refrigerados.<\/li>\n<li>RORO (*) para todo tipo de veh\u00edculos y unidades.<\/li>\n<li>Menaje de Casa, Efectos Personales y veh\u00edculo en contenedor<\/li>\n<li>Transporte productos l\u00edquidos en FLEXI-Bolsas, FLEXI-Tanques, Carga tipificada como peligrosa, Carga General<\/li>\n<li>LCL\u00a0 (**) , LTL (***) : Carga consolidada v\u00eda mar\u00edtima y Terrestre.<\/li>\n<li>Gestiones aduaneras para todo tipo de r\u00e9gimen, en todos los puntos aduaneros de Honduras y otros pa\u00edses, por medio de nuestros socios estrat\u00e9gicos y red de Agentes a nivel mundial, incluyendo Carga Militar y Diplom\u00e1tica con dispensa de impuestos.<\/li>\n<li>Manejos Portuarios, fletes terrestres de cargas en equipos especializados, de todo tipo de capacidad y tama\u00f1os: Camiones lift-gate (Rampa hidr\u00e1ulica), lowboy, lowbed, flatbed, servicio de montacargas, Top Loader, gr\u00faa para operaciones de carga y descarga especializada.<\/li>\n<li>Servicio de almacenaje y distribuci\u00f3n para carga General.<\/li>\n<li>Servicio de Seguro de Carga.<\/li>\n<li>Servicio de Agente \/ Representante.<\/li>\n<\/ul>\n<p>*Vuelos prioritarios, Hand carry courier, pasajero a bordo, ** Contenedores abiertos para maquinaria pesada en contenedores, ***Equipo refrigerado apagado para carga general, **** prendas de vestir, (*) Transporte de Veh\u00edculos autopropulsados, (**)Consolidaci\u00f3n v\u00eda mar\u00edtima (***) Consolidaci\u00f3n v\u00eda terrestre de Mexico, Centro Am\u00e9rica y Panam\u00e1<\/p>\n<p>\u00a0<\/p>\n\n\t\t<\/div>\n\t\t\t\t\t<\/div>\n\n\t\n\n<\/div>\n\n\t\t<\/div>\n\n\t\t\n<style>\n#section_834671263 {\n  padding-top: 30px;\n  padding-bottom: 30px;\n  background-color: rgb(255,255,255);\n}\n<\/style>\n\t<\/section>\n\t\n\n","protected":false},"excerpt":{"rendered":"","protected":false},"author":1,"featured_media":0,"parent":0,"menu_order":0,"comment_status":"closed","ping_status":"closed","template":"page-blank.php","meta":{"footnotes":""},"class_list":["post-14","page","type-page","status-publish","hentry"],"_links":{"self":[{"href":"https:\/\/hlworldwidelog.com\/es\/wp-json\/wp\/v2\/pages\/14","targetHints":{"allow":["GET"]}}],"collection":[{"href":"https:\/\/hlworldwidelog.com\/es\/wp-json\/wp\/v2\/pages"}],"about":[{"href":"https:\/\/hlworldwidelog.com\/es\/wp-json\/wp\/v2\/types\/page"}],"author":[{"embeddable":true,"href":"https:\/\/hlworldwidelog.com\/es\/wp-json\/wp\/v2\/users\/1"}],"replies":[{"embeddable":true,"href":"https:\/\/hlworldwidelog.com\/es\/wp-json\/wp\/v2\/comments?post=14"}],"version-history":[{"count":77,"href":"https:\/\/hlworldwidelog.com\/es\/wp-json\/wp\/v2\/pages\/14\/revisions"}],"predecessor-version":[{"id":685,"href":"https:\/\/hlworldwidelog.com\/es\/wp-json\/wp\/v2\/pages\/14\/revisions\/685"}],"wp:attachment":[{"href":"https:\/\/hlworldwidelog.com\/es\/wp-json\/wp\/v2\/media?parent=14"}],"curies":[{"name":"wp","href":"https:\/\/api.w.org\/{rel}","templated":true}]}}