{"id":125,"date":"2020-10-13T16:02:44","date_gmt":"2020-10-13T16:02:44","guid":{"rendered":"https:\/\/hlworldwidelog.com\/?page_id=125"},"modified":"2021-08-02T23:12:17","modified_gmt":"2021-08-02T23:12:17","slug":"servicios","status":"publish","type":"page","link":"https:\/\/hlworldwidelog.com\/es\/servicios\/","title":{"rendered":"Servicios"},"content":{"rendered":"\n\n\t<section class=\"section dark\" id=\"section_899861982\">\n\t\t<div class=\"section-bg fill\" >\n\t\t\t\t\t\t\t\t\t\n\t\t\t\n\n\t\t<\/div>\n\n\t\t\n\n\t\t<div class=\"section-content relative\">\n\t\t\t\n\n<div class=\"row\"  id=\"row-1124636413\">\n\n\n\t<div id=\"col-216711375\" class=\"col small-12 large-12\"  >\n\t\t\t\t<div class=\"col-inner\"  >\n\t\t\t\n\t\t\t\n\n\t<div id=\"gap-115858284\" class=\"gap-element clearfix\" style=\"display:block; height:auto;\">\n\t\t\n<style>\n#gap-115858284 {\n  padding-top: 30px;\n}\n<\/style>\n\t<\/div>\n\t\n\n<h2>HL WORLDWIDE SERVICIOS LOG\u00cdSTICOS<\/h2>\n\n\t\t<\/div>\n\t\t\t\t\t<\/div>\n\n\t\n\n<\/div>\n\n\t\t<\/div>\n\n\t\t\n<style>\n#section_899861982 {\n  padding-top: 0px;\n  padding-bottom: 0px;\n  background-color: #89bb22;\n}\n<\/style>\n\t<\/section>\n\t\n\n\t<section class=\"section\" id=\"section_665924055\">\n\t\t<div class=\"section-bg fill\" >\n\t\t\t\t\t\t\t\t\t\n\t\t\t\n\n\t\t<\/div>\n\n\t\t\n\n\t\t<div class=\"section-content relative\">\n\t\t\t\n\n<div class=\"row\"  id=\"row-416630398\">\n\n\n\t<div id=\"col-818063579\" class=\"col small-12 large-12\"  data-animate=\"fadeInUp\">\n\t\t\t\t<div class=\"col-inner\"  >\n\t\t\t\n\t\t\t\n\n<h4> En HL Worldwide Logistics somos conscientes que la satisfacci\u00f3n del Cliente es la palabra clave para el exit mutuo y duradero. Tenemos la Fortaleza de contar con tarifas competitivas y una amplia gama de servicios log\u00edsticos de transporte de carga,para todo tipo de cargas est\u00e1ndar y con sobre peso o sobre dimensiondas.Nos enfocamos en brindar servicio personalizado a la medida de los requerimientos de cada uno de nuestros Clientes.\n<\/p>\n<h4>\n\n\t\t<\/div>\n\t\t\t\t\t<\/div>\n\n\t\n\n<\/div>\n\n\t\t<\/div>\n\n\t\t\n<style>\n#section_665924055 {\n  padding-top: 60px;\n  padding-bottom: 60px;\n}\n<\/style>\n\t<\/section>\n\t\n\n\t<section class=\"section dark\" id=\"section_521549249\">\n\t\t<div class=\"section-bg fill\" >\n\t\t\t\t\t\t\t\t\t\n\t\t\t\n\n\t\t<\/div>\n\n\t\t\n\n\t\t<div class=\"section-content relative\">\n\t\t\t\n\n\t<div id=\"gap-1939910526\" class=\"gap-element clearfix\" style=\"display:block; height:auto;\">\n\t\t\n<style>\n#gap-1939910526 {\n  padding-top: 30px;\n}\n<\/style>\n\t<\/div>\n\t\n\n<div class=\"row\"  id=\"row-1075266025\">\n\n\n\t<div id=\"col-1854227776\" class=\"col medium-6 small-12 large-6\"  data-animate=\"fadeInUp\">\n\t\t\t\t<div class=\"col-inner\"  >\n\t\t\t\n\t\t\t\n\n<ul>\n<li>Servicio de recolecci\u00f3n de mercanc\u00eda, recepci\u00f3n y embalaje de mercanc\u00eda.<\/li>\n<li>FCL :Contenedores completos directos : 20\u2019, 40\u2019STD, 40\u2019HC, 40\u2019 OT, 40\u2019 NOR, FLAT RACKS Y GOH \u2028<\/li>\n<li>FCL: Contenedores: 20\u2019RE, 40\u2019RE<\/li>\n<li>Manejo de carga IMO, HAZ. MAT<\/li>\n<li>Transporte de mercanc\u00edas que requieran Flexi-Bags, Flexi tanks.<\/li>\n<li>LCL , LTL : Carga consolidada mar\u00edtima, Terrestre y via a\u00e9rea, con o sin temperature controlada.<\/li>\n<\/ul>\n\n\t\t<\/div>\n\t\t\t\t\t<\/div>\n\n\t\n\n\t<div id=\"col-1586608806\" class=\"col medium-6 small-12 large-6\"  data-animate=\"fadeInUp\">\n\t\t\t\t<div class=\"col-inner\"  >\n\t\t\t\n\t\t\t\n\n<ul>\n<li>Manejos Portuarios, fletes terrestres en equipos especializados, de todo tipo de capacidad y tama\u00f1os: Low Boy, Low Beds, Flat Beds<\/li>\n<li>Gestiones de tramites aduaneros en todos los puntos aduaneros de Honduras y otros pa\u00edses, por medio de nuestros socios estrat\u00e9gicos y red de Agentes a nivel mundial.<\/li>\n<li>Servicio de almacenaje y distribuci\u00f3n para carga General, Reg\u00edmenes especiales, Zonas Libres.\u2028<\/li>\n<li>Servicio de Seguro de Carga, full cover, Stranding Cover. Sin deducibles seg\u00fan sea el caso.<\/li>\n<li>Servicios de Agenciamiento y Representaci\u00f3n.<\/li>\n<\/ul>\n\n\t\t<\/div>\n\t\t\t\t\t<\/div>\n\n\t\n\n<\/div>\n\n\t\t<\/div>\n\n\t\t\n<style>\n#section_521549249 {\n  padding-top: 41px;\n  padding-bottom: 41px;\n  background-color: rgb(0, 55, 104);\n}\n<\/style>\n\t<\/section>\n\t\n\n\t<section class=\"section\" id=\"section_346307008\">\n\t\t<div class=\"section-bg fill\" >\n\t\t\t\t\t\t\t\t\t\n\t\t\t\n\n\t\t<\/div>\n\n\t\t\n\n\t\t<div class=\"section-content relative\">\n\t\t\t\n\n<div class=\"row\"  id=\"row-1247503549\">\n\n\n\t<div id=\"col-859875988\" class=\"col small-12 large-12\"  data-animate=\"fadeInUp\">\n\t\t\t\t<div class=\"col-inner\"  >\n\t\t\t\n\t\t\t\n\n<h4>LOS MEJORES SERVICIOS PROFESIONALES<\/p>\n<h4>\n\n\t\t<\/div>\n\t\t\t\t\t<\/div>\n\n\t\n\n<\/div>\n<div class=\"row\"  id=\"row-1841262317\">\n\n\n\t<div id=\"col-1691903207\" class=\"col medium-4 small-12 large-4\"  data-animate=\"fadeInUp\">\n\t\t\t\t<div class=\"col-inner\"  >\n\t\t\t\n\t\t\t\n\n\t<div class=\"img has-hover x md-x lg-x y md-y lg-y\" id=\"image_1882508275\">\n\t\t\t\t\t\t\t\t<div class=\"img-inner dark\" >\n\t\t\t<img loading=\"lazy\" decoding=\"async\" width=\"973\" height=\"800\" src=\"https:\/\/hlworldwidelog.com\/wp-content\/uploads\/2020\/10\/cargo.jpg\" class=\"attachment-large size-large\" alt=\"\" srcset=\"https:\/\/hlworldwidelog.com\/wp-content\/uploads\/2020\/10\/cargo.jpg 973w, https:\/\/hlworldwidelog.com\/wp-content\/uploads\/2020\/10\/cargo-300x247.jpg 300w, https:\/\/hlworldwidelog.com\/wp-content\/uploads\/2020\/10\/cargo-768x631.jpg 768w\" sizes=\"auto, (max-width: 973px) 100vw, 973px\" \/>\t\t\t\t\t\t\n\t\t\t\t\t<\/div>\n\t\t\t\t\t\t\t\t\n<style>\n#image_1882508275 {\n  width: 100%;\n}\n<\/style>\n\t<\/div>\n\t\n\n<h3>Consolidaci\u00f3n y desconsolidaci\u00f3n de carga<\/h3>\n\n\t\t<\/div>\n\t\t\t\t\t<\/div>\n\n\t\n\n\t<div id=\"col-575849780\" class=\"col medium-4 small-12 large-4\"  data-animate=\"fadeInUp\">\n\t\t\t\t<div class=\"col-inner\"  >\n\t\t\t\n\t\t\t\n\n\t<div class=\"img has-hover x md-x lg-x y md-y lg-y\" id=\"image_1938360387\">\n\t\t\t\t\t\t\t\t<div class=\"img-inner dark\" >\n\t\t\t<img loading=\"lazy\" decoding=\"async\" width=\"800\" height=\"658\" src=\"https:\/\/hlworldwidelog.com\/wp-content\/uploads\/2020\/10\/Inter.jpg\" class=\"attachment-large size-large\" alt=\"\" srcset=\"https:\/\/hlworldwidelog.com\/wp-content\/uploads\/2020\/10\/Inter.jpg 800w, https:\/\/hlworldwidelog.com\/wp-content\/uploads\/2020\/10\/Inter-300x247.jpg 300w, https:\/\/hlworldwidelog.com\/wp-content\/uploads\/2020\/10\/Inter-768x632.jpg 768w\" sizes=\"auto, (max-width: 800px) 100vw, 800px\" \/>\t\t\t\t\t\t\n\t\t\t\t\t<\/div>\n\t\t\t\t\t\t\t\t\n<style>\n#image_1938360387 {\n  width: 100%;\n}\n<\/style>\n\t<\/div>\n\t\n\n<h3>Consolidaci\u00f3n multinacional<\/h3>\n\n\t\t<\/div>\n\t\t\t\t\t<\/div>\n\n\t\n\n\t<div id=\"col-44965335\" class=\"col medium-4 small-12 large-4\"  data-animate=\"fadeInUp\">\n\t\t\t\t<div class=\"col-inner\"  >\n\t\t\t\n\t\t\t\n\n\t<div class=\"img has-hover x md-x lg-x y md-y lg-y\" id=\"image_766058619\">\n\t\t\t\t\t\t\t\t<div class=\"img-inner dark\" >\n\t\t\t<img loading=\"lazy\" decoding=\"async\" width=\"800\" height=\"658\" src=\"https:\/\/hlworldwidelog.com\/wp-content\/uploads\/2020\/10\/door.jpg\" class=\"attachment-large size-large\" alt=\"\" srcset=\"https:\/\/hlworldwidelog.com\/wp-content\/uploads\/2020\/10\/door.jpg 800w, https:\/\/hlworldwidelog.com\/wp-content\/uploads\/2020\/10\/door-300x247.jpg 300w, https:\/\/hlworldwidelog.com\/wp-content\/uploads\/2020\/10\/door-768x632.jpg 768w\" sizes=\"auto, (max-width: 800px) 100vw, 800px\" \/>\t\t\t\t\t\t\n\t\t\t\t\t<\/div>\n\t\t\t\t\t\t\t\t\n<style>\n#image_766058619 {\n  width: 100%;\n}\n<\/style>\n\t<\/div>\n\t\n\n<h3>Servicio completo puerta a puerta<\/h3>\n\n\t\t<\/div>\n\t\t\t\t\t<\/div>\n\n\t\n\n<\/div>\n\n\t\t<\/div>\n\n\t\t\n<style>\n#section_346307008 {\n  padding-top: 60px;\n  padding-bottom: 60px;\n}\n<\/style>\n\t<\/section>\n\t\n\n\t<section class=\"section\" id=\"section_531248072\">\n\t\t<div class=\"section-bg fill\" >\n\t\t\t\t\t\t\t\t\t<div class=\"section-bg-overlay absolute fill\"><\/div>\n\t\t\t\n\n\t\t<\/div>\n\n\t\t\n\n\t\t<div class=\"section-content relative\">\n\t\t\t\n\n<div class=\"row row-collapse row-full-width align-middle\"  id=\"row-843567829\">\n\n\n\t<div id=\"col-1380019168\" class=\"col medium-6 small-12 large-6\"  data-animate=\"fadeInLeft\">\n\t\t\t\t<div class=\"col-inner text-center\"  >\n\t\t\t\n\t\t\t\n\n<h2 style=\"text-align: left;\">SEGURO DE CARGA<\/h2>\n<p>Ante los riesgos asumidos por las Empresas importadoras y exportadoras, y con el fin de dar respuesta a los nuevos requerimientos de coberturas solicitados por nuestros clientes, Brindamos seguridad para su Negocio y sus valiosos embarques, Seguro de Carga FULL COVER, STRANDING COVER. Sin deducibles* a trav\u00e9s de nuestra alianzas estrat\u00e9gica con Aseguradoras de renombre y excelente trayectoria comercial, a trav\u00e9s de nuestra P\u00f3liza que nos permite brindar un servicio de tarifas competitivas en Seguros de Transporte de Carga.\n\nPara solicitarSEGURO DE CARGA, no dude en contactarnos al correo electr\u00f3nico gloria.aleman@hlworldwidelog.com  <\/p>\n\n\t\t<\/div>\n\t\t\t\t\n<style>\n#col-1380019168 > .col-inner {\n  padding: 5% 5% 5% 0%;\n  max-width: 520px;\n}\n<\/style>\n\t<\/div>\n\n\t\n\n\t<div id=\"col-784477091\" class=\"col medium-6 small-12 large-6\"  data-animate=\"fadeInRight\">\n\t\t\t\t<div class=\"col-inner\"  >\n\t\t\t\n\t\t\t\n\n\t<div class=\"img has-hover x md-x lg-x y md-y lg-y\" id=\"image_615890318\">\n\t\t\t\t\t\t\t\t<div class=\"img-inner dark\" >\n\t\t\t<img loading=\"lazy\" decoding=\"async\" width=\"973\" height=\"800\" src=\"https:\/\/hlworldwidelog.com\/wp-content\/uploads\/2020\/10\/cargo.jpg\" class=\"attachment-large size-large\" alt=\"\" srcset=\"https:\/\/hlworldwidelog.com\/wp-content\/uploads\/2020\/10\/cargo.jpg 973w, https:\/\/hlworldwidelog.com\/wp-content\/uploads\/2020\/10\/cargo-300x247.jpg 300w, https:\/\/hlworldwidelog.com\/wp-content\/uploads\/2020\/10\/cargo-768x631.jpg 768w\" sizes=\"auto, (max-width: 973px) 100vw, 973px\" \/>\t\t\t\t\t\t\n\t\t\t\t\t<\/div>\n\t\t\t\t\t\t\t\t\n<style>\n#image_615890318 {\n  width: 100%;\n}\n<\/style>\n\t<\/div>\n\t\n\n\n\t\t<\/div>\n\t\t\t\t\t<\/div>\n\n\t\n\n<\/div>\n\n\t\t<\/div>\n\n\t\t\n<style>\n#section_531248072 {\n  padding-top: 0px;\n  padding-bottom: 0px;\n  background-color: rgb(247, 247, 247);\n}\n#section_531248072 .section-bg-overlay {\n  background-color: rgba(255, 255, 255, 0.85);\n}\n<\/style>\n\t<\/section>\n\t\n\n","protected":false},"excerpt":{"rendered":"","protected":false},"author":1,"featured_media":0,"parent":0,"menu_order":0,"comment_status":"closed","ping_status":"closed","template":"page-blank.php","meta":{"footnotes":""},"class_list":["post-125","page","type-page","status-publish","hentry"],"_links":{"self":[{"href":"https:\/\/hlworldwidelog.com\/es\/wp-json\/wp\/v2\/pages\/125","targetHints":{"allow":["GET"]}}],"collection":[{"href":"https:\/\/hlworldwidelog.com\/es\/wp-json\/wp\/v2\/pages"}],"about":[{"href":"https:\/\/hlworldwidelog.com\/es\/wp-json\/wp\/v2\/types\/page"}],"author":[{"embeddable":true,"href":"https:\/\/hlworldwidelog.com\/es\/wp-json\/wp\/v2\/users\/1"}],"replies":[{"embeddable":true,"href":"https:\/\/hlworldwidelog.com\/es\/wp-json\/wp\/v2\/comments?post=125"}],"version-history":[{"count":39,"href":"https:\/\/hlworldwidelog.com\/es\/wp-json\/wp\/v2\/pages\/125\/revisions"}],"predecessor-version":[{"id":512,"href":"https:\/\/hlworldwidelog.com\/es\/wp-json\/wp\/v2\/pages\/125\/revisions\/512"}],"wp:attachment":[{"href":"https:\/\/hlworldwidelog.com\/es\/wp-json\/wp\/v2\/media?parent=125"}],"curies":[{"name":"wp","href":"https:\/\/api.w.org\/{rel}","templated":true}]}}